{"id":847,"date":"2023-05-02T16:58:17","date_gmt":"2023-05-02T16:58:17","guid":{"rendered":"https:\/\/kvuus.kulttuurivoimala.fi\/blog\/?page_id=847"},"modified":"2023-05-02T17:37:14","modified_gmt":"2023-05-02T17:37:14","slug":"yhdistys","status":"publish","type":"page","link":"https:\/\/kvuus.kulttuurivoimala.fi\/blog\/yhdistys\/","title":{"rendered":"Yhdistys"},"content":{"rendered":"\t\t<div data-elementor-type=\"wp-page\" data-elementor-id=\"847\" class=\"elementor elementor-847\">\n\t\t\t\t\t\t\t\t\t<section class=\"elementor-section elementor-top-section elementor-element elementor-element-4b6a589 elementor-section-boxed elementor-section-height-default elementor-section-height-default wpr-particle-no wpr-jarallax-no wpr-parallax-no wpr-sticky-section-no\" data-id=\"4b6a589\" data-element_type=\"section\">\n\t\t\t\t\t\t<div class=\"elementor-container elementor-column-gap-default\">\n\t\t\t\t\t<div class=\"elementor-column elementor-col-100 elementor-top-column elementor-element elementor-element-89c1822\" data-id=\"89c1822\" data-element_type=\"column\">\n\t\t\t<div class=\"elementor-widget-wrap elementor-element-populated\">\n\t\t\t\t\t\t\t\t<div class=\"elementor-element elementor-element-bb3b62e elementor-widget elementor-widget-heading\" data-id=\"bb3b62e\" data-element_type=\"widget\" data-widget_type=\"heading.default\">\n\t\t\t\t<div class=\"elementor-widget-container\">\n\t\t\t<style>\/*! elementor - v3.6.5 - 27-04-2022 *\/\n.elementor-heading-title{padding:0;margin:0;line-height:1}.elementor-widget-heading .elementor-heading-title[class*=elementor-size-]>a{color:inherit;font-size:inherit;line-height:inherit}.elementor-widget-heading .elementor-heading-title.elementor-size-small{font-size:15px}.elementor-widget-heading .elementor-heading-title.elementor-size-medium{font-size:19px}.elementor-widget-heading .elementor-heading-title.elementor-size-large{font-size:29px}.elementor-widget-heading .elementor-heading-title.elementor-size-xl{font-size:39px}.elementor-widget-heading .elementor-heading-title.elementor-size-xxl{font-size:59px}<\/style><h2 class=\"elementor-heading-title elementor-size-default\">Kulttuurivoimala - Culture Power Station ry<\/h2>\t\t<\/div>\n\t\t\t\t<\/div>\n\t\t\t\t<div class=\"elementor-element elementor-element-2eb0acb elementor-widget elementor-widget-text-editor\" data-id=\"2eb0acb\" data-element_type=\"widget\" data-widget_type=\"text-editor.default\">\n\t\t\t\t<div class=\"elementor-widget-container\">\n\t\t\t<style>\/*! elementor - v3.6.5 - 27-04-2022 *\/\n.elementor-widget-text-editor.elementor-drop-cap-view-stacked .elementor-drop-cap{background-color:#818a91;color:#fff}.elementor-widget-text-editor.elementor-drop-cap-view-framed .elementor-drop-cap{color:#818a91;border:3px solid;background-color:transparent}.elementor-widget-text-editor:not(.elementor-drop-cap-view-default) .elementor-drop-cap{margin-top:8px}.elementor-widget-text-editor:not(.elementor-drop-cap-view-default) .elementor-drop-cap-letter{width:1em;height:1em}.elementor-widget-text-editor .elementor-drop-cap{float:left;text-align:center;line-height:1;font-size:50px}.elementor-widget-text-editor .elementor-drop-cap-letter{display:inline-block}<\/style>\t\t\t\t<p>Kulttuurivoimala &#8211; Culture Power Station ry on yhteis\u00f6llisen kulttuurin ja yhteis\u00f6llisen taiteen keskus, joka on perustettu vuonna 2000 Kemiss\u00e4. Toiminta siirtyi Ouluun vuonna 2009.\u00a0Yhdistyksen toiminta perustuu yhteis\u00f6llisen\u00a0toiminnan ideaan, jossa osallisuus, yhdenvertaisuus sek\u00e4 kulttuurihyvinvointi ovat\u00a0 toimintaa ohjaavia arvoja.\u00a0<\/p><p>Toiminnan keskeisi\u00e4 periaatteita on<\/p><ul><li>tutkia ja edist\u00e4\u00e4 yhteis\u00f6taiteen mahdollisuuksia\u00a0yhteiskunnallisessa dialogissa ja kulttuurin kent\u00e4ll\u00e4<\/li><li>tukea taiteilijoiden ty\u00f6skentely\u00e4 yhteis\u00f6iss\u00e4<\/li><li>kehitt\u00e4\u00e4 moniammatillista ja sektorien v\u00e4list\u00e4 yhteisty\u00f6t\u00e4<\/li><li>vahvistaa kansainv\u00e4lisi\u00e4 verkostoja<\/li><li>lis\u00e4t\u00e4 tietoisuutta taiteen ja kulttuurin sosiaalisesta merkityksest\u00e4<\/li><li>edist\u00e4\u00e4 kest\u00e4v\u00e4n kehityksen periaatteita<\/li><li>tukea asukkaiden omaehtoista taide- ja kulttuuritoimintaa<\/li><\/ul><p>\u00a0<\/p>\t\t\t\t\t\t<\/div>\n\t\t\t\t<\/div>\n\t\t\t\t\t<\/div>\n\t\t<\/div>\n\t\t\t\t\t\t\t<\/div>\n\t\t<\/section>\n\t\t\t\t\t\t\t<\/div>\n\t\t","protected":false},"excerpt":{"rendered":"<p>Kulttuurivoimala &#8211; Culture Power Station ry Kulttuurivoimala &#8211; Culture Power Station ry on yhteis\u00f6llisen kulttuurin ja yhteis\u00f6llisen taiteen keskus, joka on perustettu vuonna 2000 Kemiss\u00e4. Toiminta siirtyi Ouluun vuonna 2009.\u00a0Yhdistyksen toiminta perustuu yhteis\u00f6llisen\u00a0toiminnan ideaan, jossa osallisuus, yhdenvertaisuus sek\u00e4 kulttuurihyvinvointi ovat\u00a0 toimintaa ohjaavia arvoja.\u00a0 Toiminnan keskeisi\u00e4 periaatteita on tutkia ja edist\u00e4\u00e4 yhteis\u00f6taiteen mahdollisuuksia\u00a0yhteiskunnallisessa dialogissa ja kulttuurin [&hellip;]<\/p>\n","protected":false},"author":1,"featured_media":0,"parent":0,"menu_order":0,"comment_status":"closed","ping_status":"closed","template":"page-templates\/template-pagebuilder-full-width.php","meta":[],"_links":{"self":[{"href":"https:\/\/kvuus.kulttuurivoimala.fi\/blog\/wp-json\/wp\/v2\/pages\/847"}],"collection":[{"href":"https:\/\/kvuus.kulttuurivoimala.fi\/blog\/wp-json\/wp\/v2\/pages"}],"about":[{"href":"https:\/\/kvuus.kulttuurivoimala.fi\/blog\/wp-json\/wp\/v2\/types\/page"}],"author":[{"embeddable":true,"href":"https:\/\/kvuus.kulttuurivoimala.fi\/blog\/wp-json\/wp\/v2\/users\/1"}],"replies":[{"embeddable":true,"href":"https:\/\/kvuus.kulttuurivoimala.fi\/blog\/wp-json\/wp\/v2\/comments?post=847"}],"version-history":[{"count":5,"href":"https:\/\/kvuus.kulttuurivoimala.fi\/blog\/wp-json\/wp\/v2\/pages\/847\/revisions"}],"predecessor-version":[{"id":852,"href":"https:\/\/kvuus.kulttuurivoimala.fi\/blog\/wp-json\/wp\/v2\/pages\/847\/revisions\/852"}],"wp:attachment":[{"href":"https:\/\/kvuus.kulttuurivoimala.fi\/blog\/wp-json\/wp\/v2\/media?parent=847"}],"curies":[{"name":"wp","href":"https:\/\/api.w.org\/{rel}","templated":true}]}}