{"id":134,"date":"2022-06-13T10:58:45","date_gmt":"2022-06-13T10:58:45","guid":{"rendered":"https:\/\/kvuus.kulttuurivoimala.fi\/blog\/?page_id=134"},"modified":"2023-04-17T17:38:58","modified_gmt":"2023-04-17T17:38:58","slug":"taidepaja","status":"publish","type":"page","link":"https:\/\/kvuus.kulttuurivoimala.fi\/blog\/taidepaja\/","title":{"rendered":"Taidepaja"},"content":{"rendered":"\t\t<div data-elementor-type=\"wp-page\" data-elementor-id=\"134\" class=\"elementor elementor-134\">\n\t\t\t\t\t\t\t\t\t<section class=\"elementor-section elementor-top-section elementor-element elementor-element-330e3ea elementor-section-full_width elementor-section-stretched elementor-section-height-default elementor-section-height-default wpr-particle-no wpr-jarallax-no wpr-parallax-no wpr-sticky-section-no\" data-id=\"330e3ea\" data-element_type=\"section\" data-settings=\"{&quot;stretch_section&quot;:&quot;section-stretched&quot;}\">\n\t\t\t\t\t\t<div class=\"elementor-container elementor-column-gap-no\">\n\t\t\t\t\t<div class=\"elementor-column elementor-col-100 elementor-top-column elementor-element elementor-element-97cc630\" data-id=\"97cc630\" data-element_type=\"column\">\n\t\t\t<div class=\"elementor-widget-wrap elementor-element-populated\">\n\t\t\t\t\t\t\t\t<div class=\"elementor-element elementor-element-6d4b706 elementor-widget elementor-widget-image-carousel\" data-id=\"6d4b706\" data-element_type=\"widget\" data-settings=\"{&quot;slides_to_show&quot;:&quot;1&quot;,&quot;navigation&quot;:&quot;none&quot;,&quot;lazyload&quot;:&quot;yes&quot;,&quot;pause_on_hover&quot;:&quot;no&quot;,&quot;pause_on_interaction&quot;:&quot;no&quot;,&quot;autoplay_speed&quot;:9000,&quot;effect&quot;:&quot;fade&quot;,&quot;speed&quot;:2000,&quot;autoplay&quot;:&quot;yes&quot;,&quot;infinite&quot;:&quot;yes&quot;}\" data-widget_type=\"image-carousel.default\">\n\t\t\t\t<div class=\"elementor-widget-container\">\n\t\t\t<style>\/*! elementor - v3.6.5 - 27-04-2022 *\/\n.elementor-widget-image-carousel .swiper-container{position:static}.elementor-widget-image-carousel .swiper-container .swiper-slide figure{line-height:inherit}.elementor-widget-image-carousel .swiper-slide{text-align:center}.elementor-image-carousel-wrapper:not(.swiper-container-initialized) .swiper-slide{max-width:calc(100% \/ var(--e-image-carousel-slides-to-show, 3))}<\/style>\t\t<div class=\"elementor-image-carousel-wrapper swiper-container\" dir=\"rtl\">\n\t\t\t<div class=\"elementor-image-carousel swiper-wrapper\">\n\t\t\t\t\t\t\t\t<div class=\"swiper-slide\"><figure class=\"swiper-slide-inner\"><img class=\"swiper-slide-image swiper-lazy\" data-src=\"https:\/\/kvuus.kulttuurivoimala.fi\/blog\/wp-content\/uploads\/2023\/03\/Kulttuurivoimala_Oulu_taidepaja-4_1920x820.jpg\" alt=\"Kulttuurivoimala_Oulu_taidepaja-4_1920x820\" \/><div class=\"swiper-lazy-preloader\"><\/div><\/figure><\/div><div class=\"swiper-slide\"><figure class=\"swiper-slide-inner\"><img class=\"swiper-slide-image swiper-lazy\" data-src=\"https:\/\/kvuus.kulttuurivoimala.fi\/blog\/wp-content\/uploads\/2023\/03\/Kulttuurivoimala_Oulu_taidepaja-1_1920x820.jpg\" alt=\"Kulttuurivoimala_Oulu_taidepaja-1_1920x820\" \/><div class=\"swiper-lazy-preloader\"><\/div><\/figure><\/div><div class=\"swiper-slide\"><figure class=\"swiper-slide-inner\"><img class=\"swiper-slide-image swiper-lazy\" data-src=\"https:\/\/kvuus.kulttuurivoimala.fi\/blog\/wp-content\/uploads\/2023\/03\/Kulttuurivoimala_Oulu_taidepaja-2_1920x820.jpg\" alt=\"Kulttuurivoimala_Oulu_taidepaja-2_1920x820\" \/><div class=\"swiper-lazy-preloader\"><\/div><\/figure><\/div><div class=\"swiper-slide\"><figure class=\"swiper-slide-inner\"><img class=\"swiper-slide-image swiper-lazy\" data-src=\"https:\/\/kvuus.kulttuurivoimala.fi\/blog\/wp-content\/uploads\/2023\/03\/Kulttuurivoimala_Oulu_taidepaja-3_1920x820.jpg\" alt=\"Kulttuurivoimala_Oulu_taidepaja-3_1920x820\" \/><div class=\"swiper-lazy-preloader\"><\/div><\/figure><\/div>\t\t\t<\/div>\n\t\t\t\t\t\t\t\t\t\t\t\t\t\t\t\t<\/div>\n\t\t\t\t<\/div>\n\t\t\t\t<\/div>\n\t\t\t\t\t<\/div>\n\t\t<\/div>\n\t\t\t\t\t\t\t<\/div>\n\t\t<\/section>\n\t\t\t\t<section class=\"elementor-section elementor-top-section elementor-element elementor-element-d4d0be8 elementor-section-boxed elementor-section-height-default elementor-section-height-default wpr-particle-no wpr-jarallax-no wpr-parallax-no wpr-sticky-section-no\" data-id=\"d4d0be8\" data-element_type=\"section\">\n\t\t\t\t\t\t<div class=\"elementor-container elementor-column-gap-default\">\n\t\t\t\t\t<div class=\"elementor-column elementor-col-100 elementor-top-column elementor-element elementor-element-18c35aa\" data-id=\"18c35aa\" data-element_type=\"column\">\n\t\t\t<div class=\"elementor-widget-wrap elementor-element-populated\">\n\t\t\t\t\t\t\t\t<div class=\"elementor-element elementor-element-66c2a95 elementor-widget elementor-widget-heading\" data-id=\"66c2a95\" data-element_type=\"widget\" data-widget_type=\"heading.default\">\n\t\t\t\t<div class=\"elementor-widget-container\">\n\t\t\t<style>\/*! elementor - v3.6.5 - 27-04-2022 *\/\n.elementor-heading-title{padding:0;margin:0;line-height:1}.elementor-widget-heading .elementor-heading-title[class*=elementor-size-]>a{color:inherit;font-size:inherit;line-height:inherit}.elementor-widget-heading .elementor-heading-title.elementor-size-small{font-size:15px}.elementor-widget-heading .elementor-heading-title.elementor-size-medium{font-size:19px}.elementor-widget-heading .elementor-heading-title.elementor-size-large{font-size:29px}.elementor-widget-heading .elementor-heading-title.elementor-size-xl{font-size:39px}.elementor-widget-heading .elementor-heading-title.elementor-size-xxl{font-size:59px}<\/style><h2 class=\"elementor-heading-title elementor-size-default\">Taidepaja<\/h2>\t\t<\/div>\n\t\t\t\t<\/div>\n\t\t\t\t\t<\/div>\n\t\t<\/div>\n\t\t\t\t\t\t\t<\/div>\n\t\t<\/section>\n\t\t\t\t<section class=\"elementor-section elementor-top-section elementor-element elementor-element-52e50ef elementor-section-boxed elementor-section-height-default elementor-section-height-default wpr-particle-no wpr-jarallax-no wpr-parallax-no wpr-sticky-section-no\" data-id=\"52e50ef\" data-element_type=\"section\">\n\t\t\t\t\t\t<div class=\"elementor-container elementor-column-gap-default\">\n\t\t\t\t\t<div class=\"elementor-column elementor-col-100 elementor-top-column elementor-element elementor-element-9ef41ab\" data-id=\"9ef41ab\" data-element_type=\"column\">\n\t\t\t<div class=\"elementor-widget-wrap elementor-element-populated\">\n\t\t\t\t\t\t\t\t<div class=\"elementor-element elementor-element-2777003 elementor-widget elementor-widget-text-editor\" data-id=\"2777003\" data-element_type=\"widget\" data-widget_type=\"text-editor.default\">\n\t\t\t\t<div class=\"elementor-widget-container\">\n\t\t\t<style>\/*! elementor - v3.6.5 - 27-04-2022 *\/\n.elementor-widget-text-editor.elementor-drop-cap-view-stacked .elementor-drop-cap{background-color:#818a91;color:#fff}.elementor-widget-text-editor.elementor-drop-cap-view-framed .elementor-drop-cap{color:#818a91;border:3px solid;background-color:transparent}.elementor-widget-text-editor:not(.elementor-drop-cap-view-default) .elementor-drop-cap{margin-top:8px}.elementor-widget-text-editor:not(.elementor-drop-cap-view-default) .elementor-drop-cap-letter{width:1em;height:1em}.elementor-widget-text-editor .elementor-drop-cap{float:left;text-align:center;line-height:1;font-size:50px}.elementor-widget-text-editor .elementor-drop-cap-letter{display:inline-block}<\/style>\t\t\t\t<p>Kulttuurivoimalan taidepajat Piiru ja K\u00f6tt\u00e4n\u00e4 ovat tilanteen mukaan muuntautuvia ty\u00f6tiloja, joissa j\u00e4rjestet\u00e4\u00e4n arjen pajatoiminnan lis\u00e4ksi mm. kuvataidekerhoja ja erilaisia kursseja ja lautapeli-iltoja.<\/p><p>Isommassa taidetilassa eli K\u00f6tt\u00e4n\u00e4ss\u00e4 voi tehd\u00e4 harrastaa noin 10 hengen ryhm\u00e4ss\u00e4.<\/p><p>Pienemm\u00e4st\u00e4 taidepaja Piirusta l\u00f6ytyy mm. pr\u00e4ssi taidegrafiikan tekoa varten.<\/p><p>Molempia tiloja on mahdollista hy\u00f6dynt\u00e4\u00e4 omaehtoiseen taidetoimintaan yksi tai pieniss\u00e4 ryhmiss\u00e4.<\/p>\t\t\t\t\t\t<\/div>\n\t\t\t\t<\/div>\n\t\t\t\t\t<\/div>\n\t\t<\/div>\n\t\t\t\t\t\t\t<\/div>\n\t\t<\/section>\n\t\t\t\t\t\t\t<\/div>\n\t\t","protected":false},"excerpt":{"rendered":"<p>Taidepaja Kulttuurivoimalan taidepajat Piiru ja K\u00f6tt\u00e4n\u00e4 ovat tilanteen mukaan muuntautuvia ty\u00f6tiloja, joissa j\u00e4rjestet\u00e4\u00e4n arjen pajatoiminnan lis\u00e4ksi mm. kuvataidekerhoja ja erilaisia kursseja ja lautapeli-iltoja. Isommassa taidetilassa eli K\u00f6tt\u00e4n\u00e4ss\u00e4 voi tehd\u00e4 harrastaa noin 10 hengen ryhm\u00e4ss\u00e4. Pienemm\u00e4st\u00e4 taidepaja Piirusta l\u00f6ytyy mm. pr\u00e4ssi taidegrafiikan tekoa varten. Molempia tiloja on mahdollista hy\u00f6dynt\u00e4\u00e4 omaehtoiseen taidetoimintaan yksi tai pieniss\u00e4 ryhmiss\u00e4.<\/p>\n","protected":false},"author":1,"featured_media":0,"parent":0,"menu_order":0,"comment_status":"closed","ping_status":"closed","template":"","meta":[],"_links":{"self":[{"href":"https:\/\/kvuus.kulttuurivoimala.fi\/blog\/wp-json\/wp\/v2\/pages\/134"}],"collection":[{"href":"https:\/\/kvuus.kulttuurivoimala.fi\/blog\/wp-json\/wp\/v2\/pages"}],"about":[{"href":"https:\/\/kvuus.kulttuurivoimala.fi\/blog\/wp-json\/wp\/v2\/types\/page"}],"author":[{"embeddable":true,"href":"https:\/\/kvuus.kulttuurivoimala.fi\/blog\/wp-json\/wp\/v2\/users\/1"}],"replies":[{"embeddable":true,"href":"https:\/\/kvuus.kulttuurivoimala.fi\/blog\/wp-json\/wp\/v2\/comments?post=134"}],"version-history":[{"count":42,"href":"https:\/\/kvuus.kulttuurivoimala.fi\/blog\/wp-json\/wp\/v2\/pages\/134\/revisions"}],"predecessor-version":[{"id":653,"href":"https:\/\/kvuus.kulttuurivoimala.fi\/blog\/wp-json\/wp\/v2\/pages\/134\/revisions\/653"}],"wp:attachment":[{"href":"https:\/\/kvuus.kulttuurivoimala.fi\/blog\/wp-json\/wp\/v2\/media?parent=134"}],"curies":[{"name":"wp","href":"https:\/\/api.w.org\/{rel}","templated":true}]}}