{"id":129,"date":"2022-06-13T10:57:06","date_gmt":"2022-06-13T10:57:06","guid":{"rendered":"https:\/\/kvuus.kulttuurivoimala.fi\/blog\/?page_id=129"},"modified":"2023-04-17T17:27:26","modified_gmt":"2023-04-17T17:27:26","slug":"mediapaja","status":"publish","type":"page","link":"https:\/\/kvuus.kulttuurivoimala.fi\/blog\/mediapaja\/","title":{"rendered":"Mediapaja"},"content":{"rendered":"\t\t<div data-elementor-type=\"wp-page\" data-elementor-id=\"129\" class=\"elementor elementor-129\">\n\t\t\t\t\t\t\t\t\t<section class=\"elementor-section elementor-top-section elementor-element elementor-element-f1fdcbf elementor-section-full_width elementor-section-height-default elementor-section-height-default wpr-particle-no wpr-jarallax-no wpr-parallax-no wpr-sticky-section-no\" data-id=\"f1fdcbf\" data-element_type=\"section\">\n\t\t\t\t\t\t<div class=\"elementor-container elementor-column-gap-no\">\n\t\t\t\t\t<div class=\"elementor-column elementor-col-100 elementor-top-column elementor-element elementor-element-32ae544\" data-id=\"32ae544\" data-element_type=\"column\">\n\t\t\t<div class=\"elementor-widget-wrap elementor-element-populated\">\n\t\t\t\t\t\t\t\t<div class=\"elementor-element elementor-element-3f8e62b elementor-widget elementor-widget-image-carousel\" data-id=\"3f8e62b\" data-element_type=\"widget\" data-settings=\"{&quot;slides_to_show&quot;:&quot;1&quot;,&quot;navigation&quot;:&quot;none&quot;,&quot;pause_on_hover&quot;:&quot;no&quot;,&quot;pause_on_interaction&quot;:&quot;no&quot;,&quot;lazyload&quot;:&quot;yes&quot;,&quot;autoplay_speed&quot;:8969,&quot;effect&quot;:&quot;fade&quot;,&quot;speed&quot;:2000,&quot;motion_fx_motion_fx_scrolling&quot;:&quot;yes&quot;,&quot;motion_fx_range&quot;:&quot;viewport&quot;,&quot;autoplay&quot;:&quot;yes&quot;,&quot;infinite&quot;:&quot;yes&quot;,&quot;motion_fx_devices&quot;:[&quot;desktop&quot;,&quot;tablet&quot;,&quot;mobile&quot;]}\" data-widget_type=\"image-carousel.default\">\n\t\t\t\t<div class=\"elementor-widget-container\">\n\t\t\t<style>\/*! elementor - v3.6.5 - 27-04-2022 *\/\n.elementor-widget-image-carousel .swiper-container{position:static}.elementor-widget-image-carousel .swiper-container .swiper-slide figure{line-height:inherit}.elementor-widget-image-carousel .swiper-slide{text-align:center}.elementor-image-carousel-wrapper:not(.swiper-container-initialized) .swiper-slide{max-width:calc(100% \/ var(--e-image-carousel-slides-to-show, 3))}<\/style>\t\t<div class=\"elementor-image-carousel-wrapper swiper-container\" dir=\"ltr\">\n\t\t\t<div class=\"elementor-image-carousel swiper-wrapper\">\n\t\t\t\t\t\t\t\t<div class=\"swiper-slide\"><figure class=\"swiper-slide-inner\"><img class=\"swiper-slide-image swiper-lazy\" data-src=\"https:\/\/kvuus.kulttuurivoimala.fi\/blog\/wp-content\/uploads\/2023\/03\/Kulttuurivoimala_Oulu_mediapaja-2_1920x820.jpg\" alt=\"Kulttuurivoimala_Oulu_mediapaja-2_1920x820\" \/><div class=\"swiper-lazy-preloader\"><\/div><\/figure><\/div><div class=\"swiper-slide\"><figure class=\"swiper-slide-inner\"><img class=\"swiper-slide-image swiper-lazy\" data-src=\"https:\/\/kvuus.kulttuurivoimala.fi\/blog\/wp-content\/uploads\/2023\/03\/Kulttuurivoimala_Oulu_mediapaja-3_1920x820.jpg\" alt=\"Kulttuurivoimala_Oulu_mediapaja-3_1920x820\" \/><div class=\"swiper-lazy-preloader\"><\/div><\/figure><\/div><div class=\"swiper-slide\"><figure class=\"swiper-slide-inner\"><img class=\"swiper-slide-image swiper-lazy\" data-src=\"https:\/\/kvuus.kulttuurivoimala.fi\/blog\/wp-content\/uploads\/2023\/03\/Kulttuurivoimala_Oulu_mediapaja-1_1920x820.jpg\" alt=\"Kulttuurivoimala_Oulu_mediapaja-1_1920x820\" \/><div class=\"swiper-lazy-preloader\"><\/div><\/figure><\/div>\t\t\t<\/div>\n\t\t\t\t\t\t\t\t\t\t\t\t\t\t\t\t<\/div>\n\t\t\t\t<\/div>\n\t\t\t\t<\/div>\n\t\t\t\t\t<\/div>\n\t\t<\/div>\n\t\t\t\t\t\t\t<\/div>\n\t\t<\/section>\n\t\t\t\t<section class=\"elementor-section elementor-top-section elementor-element elementor-element-8a6a3b1 elementor-section-boxed elementor-section-height-default elementor-section-height-default wpr-particle-no wpr-jarallax-no wpr-parallax-no wpr-sticky-section-no\" data-id=\"8a6a3b1\" data-element_type=\"section\" data-settings=\"{&quot;motion_fx_motion_fx_scrolling&quot;:&quot;yes&quot;,&quot;motion_fx_translateY_effect&quot;:&quot;yes&quot;,&quot;motion_fx_range&quot;:&quot;viewport&quot;,&quot;motion_fx_translateY_speed&quot;:{&quot;unit&quot;:&quot;px&quot;,&quot;size&quot;:5.3,&quot;sizes&quot;:[]},&quot;motion_fx_translateY_affectedRange&quot;:{&quot;unit&quot;:&quot;%&quot;,&quot;size&quot;:&quot;&quot;,&quot;sizes&quot;:{&quot;start&quot;:0,&quot;end&quot;:100}},&quot;motion_fx_devices&quot;:[&quot;desktop&quot;,&quot;tablet&quot;,&quot;mobile&quot;]}\">\n\t\t\t\t\t\t\t<div class=\"elementor-background-overlay\"><\/div>\n\t\t\t\t\t\t\t<div class=\"elementor-container elementor-column-gap-default\">\n\t\t\t\t\t<div class=\"elementor-column elementor-col-100 elementor-top-column elementor-element elementor-element-1450bdb\" data-id=\"1450bdb\" data-element_type=\"column\" data-settings=\"{&quot;background_background&quot;:&quot;classic&quot;}\">\n\t\t\t<div class=\"elementor-widget-wrap elementor-element-populated\">\n\t\t\t\t\t\t\t\t<div class=\"elementor-element elementor-element-c44dc0b elementor-widget elementor-widget-text-editor\" data-id=\"c44dc0b\" data-element_type=\"widget\" data-widget_type=\"text-editor.default\">\n\t\t\t\t<div class=\"elementor-widget-container\">\n\t\t\t<style>\/*! elementor - v3.6.5 - 27-04-2022 *\/\n.elementor-widget-text-editor.elementor-drop-cap-view-stacked .elementor-drop-cap{background-color:#818a91;color:#fff}.elementor-widget-text-editor.elementor-drop-cap-view-framed .elementor-drop-cap{color:#818a91;border:3px solid;background-color:transparent}.elementor-widget-text-editor:not(.elementor-drop-cap-view-default) .elementor-drop-cap{margin-top:8px}.elementor-widget-text-editor:not(.elementor-drop-cap-view-default) .elementor-drop-cap-letter{width:1em;height:1em}.elementor-widget-text-editor .elementor-drop-cap{float:left;text-align:center;line-height:1;font-size:50px}.elementor-widget-text-editor .elementor-drop-cap-letter{display:inline-block}<\/style>\t\t\t\t<p>Mediapaja<\/p>\t\t\t\t\t\t<\/div>\n\t\t\t\t<\/div>\n\t\t\t\t<div class=\"elementor-element elementor-element-3b46f2b elementor-widget elementor-widget-text-editor\" data-id=\"3b46f2b\" data-element_type=\"widget\" data-widget_type=\"text-editor.default\">\n\t\t\t\t<div class=\"elementor-widget-container\">\n\t\t\t\t\t\t\t<p>Kulttuurivoimalan\u00a0Mediapajalla ty\u00f6skentelee media-alan ammattilaisia, osaajia sek\u00e4\u00a0alasta kiinnostuneita henkil\u00f6it\u00e4.\u00a0<br \/>Toiminnassa\u00a0keskeisess\u00e4 osassa ovat vertaisoppiminen ja tiimiss\u00e4 tekeminen\u00a0ammattilaisen ohjauksessa.\u00a0<br \/>Mediapajalla on mahdollista\u00a0suorittaa media-alan oppilaitosharjoitteluja ja n\u00e4ytt\u00f6j\u00e4.\u00a0<\/p><p>Mediapaja\u00a0vastaa Kulttuurivoimalan mediasis\u00e4lt\u00f6jen sek\u00e4 Kulttuurivoimalan\u00a0yll\u00e4pit\u00e4m\u00e4n Siilo-kanavan sis\u00e4ll\u00f6ntuottamisesta ja lis\u00e4ksi se\u00a0myy palveluitaan asiakkaille. Me\u00a0<span style=\"background-color: var(--nv-site-bg); color: var(--nv-text-color); font-family: var(--bodyfontfamily),var(--nv-fallback-ff); font-size: var(--bodyfontsize); font-weight: var(--bodyfontweight); letter-spacing: var(--bodyletterspacing); text-transform: var(--bodytexttransform);\">Kulttuurivoimalassa haluamme toteuttaa ihmisten unelmia mahdollistamalla ty\u00f6llistymist\u00e4 media-alalle. K\u00e4yt\u00e4nn\u00f6ss\u00e4 ty\u00f6llistymist\u00e4 tuemme parhaiten huolehtimalla alan hyvinvoinnista. Siksi asiakkaillemme toteutettavat tilausty\u00f6t toteutetaan media-alan ammattilaisten toimesta alan vallitsevaa hinnoittelua noudattaen. Emme k\u00e4yt\u00e4 kuntouttavan ty\u00f6toiminnan ty\u00f6panosta myyt\u00e4viin palveluihin.\u00a0\u00a0<\/span><\/p><p>Mediapajalla\u00a0on k\u00e4yt\u00f6ss\u00e4 media-alan ammattiohjelmistot ja -laitteet sek\u00e4\u00a0kuvausstudio. Laitteita ja tiloja on mahdollista vuokrata my\u00f6s\u00a0ulkopuoliseen k\u00e4ytt\u00f6\u00f6n.<\/p>\t\t\t\t\t\t<\/div>\n\t\t\t\t<\/div>\n\t\t\t\t\t<\/div>\n\t\t<\/div>\n\t\t\t\t\t\t\t<\/div>\n\t\t<\/section>\n\t\t\t\t<section class=\"elementor-section elementor-top-section elementor-element elementor-element-aa1dbc0 elementor-section-boxed elementor-section-height-default elementor-section-height-default wpr-particle-no wpr-jarallax-no wpr-parallax-no wpr-sticky-section-no\" data-id=\"aa1dbc0\" data-element_type=\"section\">\n\t\t\t\t\t\t<div class=\"elementor-container elementor-column-gap-no\">\n\t\t\t\t\t<div class=\"elementor-column elementor-col-100 elementor-top-column elementor-element elementor-element-e464c67\" data-id=\"e464c67\" data-element_type=\"column\">\n\t\t\t<div class=\"elementor-widget-wrap elementor-element-populated\">\n\t\t\t\t\t\t\t\t<div class=\"elementor-element elementor-element-c884f19 elementor-cta--skin-cover elementor-bg-transform elementor-bg-transform-move-up elementor-animated-content elementor-widget elementor-widget-call-to-action\" data-id=\"c884f19\" data-element_type=\"widget\" data-widget_type=\"call-to-action.default\">\n\t\t\t\t<div class=\"elementor-widget-container\">\n\t\t\t<link rel=\"stylesheet\" href=\"https:\/\/kvuus.kulttuurivoimala.fi\/blog\/wp-content\/plugins\/elementor-pro\/assets\/css\/widget-call-to-action.min.css\">\t\t<div class=\"elementor-cta\">\n\t\t\t\t\t<div class=\"elementor-cta__bg-wrapper\">\n\t\t\t\t<div class=\"elementor-cta__bg elementor-bg\" style=\"background-image: url();\"><\/div>\n\t\t\t\t<div class=\"elementor-cta__bg-overlay\"><\/div>\n\t\t\t<\/div>\n\t\t\t\t\t\t\t<div class=\"elementor-cta__content\">\n\t\t\t\t\n\t\t\t\t<h2 class=\"elementor-cta__title elementor-cta__content-item elementor-content-item elementor-animated-item--grow\">Mediapalvelut<\/h2>\n\t\t\t\t\t\t\t\t\t<div class=\"elementor-cta__description elementor-cta__content-item elementor-content-item elementor-animated-item--grow\">\n\t\t\t\t\t\tKulttuurivoimalan mediapalvelut t\u00e4\u00e4lt\u00e4\t\t\t\t\t<\/div>\n\t\t\t\t\n\t\t\t\t\t\t\t\t\t<div class=\"elementor-cta__button-wrapper elementor-cta__content-item elementor-content-item elementor-animated-item--grow\">\n\t\t\t\t\t<a class=\"elementor-cta__button elementor-button elementor-size-md\" href=\"https:\/\/kvuus.kulttuurivoimala.fi\/blog\/mediapalvelut\/\">\n\t\t\t\t\t\tKatso\t\t\t\t\t<\/a>\n\t\t\t\t\t<\/div>\n\t\t\t\t\t\t\t<\/div>\n\t\t\t\t\t\t<\/div>\n\t\t\t\t<\/div>\n\t\t\t\t<\/div>\n\t\t\t\t\t<\/div>\n\t\t<\/div>\n\t\t\t\t\t\t\t<\/div>\n\t\t<\/section>\n\t\t\t\t\t\t\t<\/div>\n\t\t","protected":false},"excerpt":{"rendered":"<p>Mediapaja Kulttuurivoimalan\u00a0Mediapajalla ty\u00f6skentelee media-alan ammattilaisia, osaajia sek\u00e4\u00a0alasta kiinnostuneita henkil\u00f6it\u00e4.\u00a0Toiminnassa\u00a0keskeisess\u00e4 osassa ovat vertaisoppiminen ja tiimiss\u00e4 tekeminen\u00a0ammattilaisen ohjauksessa.\u00a0Mediapajalla on mahdollista\u00a0suorittaa media-alan oppilaitosharjoitteluja ja n\u00e4ytt\u00f6j\u00e4.\u00a0 Mediapaja\u00a0vastaa Kulttuurivoimalan mediasis\u00e4lt\u00f6jen sek\u00e4 Kulttuurivoimalan\u00a0yll\u00e4pit\u00e4m\u00e4n Siilo-kanavan sis\u00e4ll\u00f6ntuottamisesta ja lis\u00e4ksi se\u00a0myy palveluitaan asiakkaille. Me\u00a0Kulttuurivoimalassa haluamme toteuttaa ihmisten unelmia mahdollistamalla ty\u00f6llistymist\u00e4 media-alalle. K\u00e4yt\u00e4nn\u00f6ss\u00e4 ty\u00f6llistymist\u00e4 tuemme parhaiten huolehtimalla alan hyvinvoinnista. Siksi asiakkaillemme toteutettavat tilausty\u00f6t toteutetaan media-alan [&hellip;]<\/p>\n","protected":false},"author":1,"featured_media":0,"parent":0,"menu_order":0,"comment_status":"closed","ping_status":"closed","template":"elementor_header_footer","meta":[],"_links":{"self":[{"href":"https:\/\/kvuus.kulttuurivoimala.fi\/blog\/wp-json\/wp\/v2\/pages\/129"}],"collection":[{"href":"https:\/\/kvuus.kulttuurivoimala.fi\/blog\/wp-json\/wp\/v2\/pages"}],"about":[{"href":"https:\/\/kvuus.kulttuurivoimala.fi\/blog\/wp-json\/wp\/v2\/types\/page"}],"author":[{"embeddable":true,"href":"https:\/\/kvuus.kulttuurivoimala.fi\/blog\/wp-json\/wp\/v2\/users\/1"}],"replies":[{"embeddable":true,"href":"https:\/\/kvuus.kulttuurivoimala.fi\/blog\/wp-json\/wp\/v2\/comments?post=129"}],"version-history":[{"count":137,"href":"https:\/\/kvuus.kulttuurivoimala.fi\/blog\/wp-json\/wp\/v2\/pages\/129\/revisions"}],"predecessor-version":[{"id":650,"href":"https:\/\/kvuus.kulttuurivoimala.fi\/blog\/wp-json\/wp\/v2\/pages\/129\/revisions\/650"}],"wp:attachment":[{"href":"https:\/\/kvuus.kulttuurivoimala.fi\/blog\/wp-json\/wp\/v2\/media?parent=129"}],"curies":[{"name":"wp","href":"https:\/\/api.w.org\/{rel}","templated":true}]}}